{"id":1189,"date":"2023-09-27T18:36:43","date_gmt":"2023-09-27T15:36:43","guid":{"rendered":"https:\/\/yontemilac.com\/?page_id=1189"},"modified":"2023-10-09T17:00:29","modified_gmt":"2023-10-09T14:00:29","slug":"dezenfeksiyon","status":"publish","type":"page","link":"https:\/\/yontemilac.com\/?page_id=1189","title":{"rendered":"Dezenfeksiyon"},"content":{"rendered":"\n<div class=\"wp-block-media-text is-stacked-on-mobile is-vertically-aligned-top\" style=\"grid-template-columns:30% auto\"><figure class=\"wp-block-media-text__media\"><img loading=\"lazy\" decoding=\"async\" width=\"1024\" height=\"1024\" src=\"https:\/\/yontemilac.com\/wp-content\/uploads\/2023\/10\/poster_1616875624319-1024x1024.jpg\" alt=\"\" class=\"wp-image-1472 size-full\" srcset=\"https:\/\/yontemilac.com\/wp-content\/uploads\/2023\/10\/poster_1616875624319-1024x1024.jpg 1024w, https:\/\/yontemilac.com\/wp-content\/uploads\/2023\/10\/poster_1616875624319-300x300.jpg 300w, https:\/\/yontemilac.com\/wp-content\/uploads\/2023\/10\/poster_1616875624319-150x150.jpg 150w, https:\/\/yontemilac.com\/wp-content\/uploads\/2023\/10\/poster_1616875624319-768x768.jpg 768w, https:\/\/yontemilac.com\/wp-content\/uploads\/2023\/10\/poster_1616875624319-1536x1536.jpg 1536w, https:\/\/yontemilac.com\/wp-content\/uploads\/2023\/10\/poster_1616875624319.jpg 1920w\" sizes=\"auto, (max-width: 1024px) 100vw, 1024px\" \/><\/figure><div class=\"wp-block-media-text__content\">\n<p>Cans\u0131z ortamdaki bakteri&nbsp;endosporlar\u0131&nbsp;d\u0131\u015f\u0131nda kalan patojen mikroorganizmalar\u0131n \u00f6ld\u00fcr\u00fclmesi veya \u00fcremelerinin durdurulmas\u0131 i\u015flemidir. Bu ama\u00e7la kullan\u0131lan kimyasal maddelere&nbsp;<strong>dezenfektan<\/strong>&nbsp;denir. Dezenfeksiyon&nbsp;sterilizasyon&nbsp;demek de\u011fildir. Sterilizasyon cans\u0131z ortamdaki patojen olan ya da olmayan t\u00fcm mikroorganizmalar\u0131n yok edilmesidir. Sa\u011fl\u0131kl\u0131 oldu\u011fu halde mikrop ta\u015f\u0131yanlar\u0131n \u00e7oklu\u011fu ve bula\u015f\u0131c\u0131 hastal\u0131klar\u0131n belirsiz bi\u00e7imlerinin s\u0131kl\u0131\u011f\u0131 nedeniyle dezenfeksiyonun etkisi k\u0131s\u0131tl\u0131d\u0131r. Dezenfeksiyon \u00f6zellikle dolays\u0131z ve b\u00fcy\u00fck bula\u015fmalar\u0131 s\u0131n\u0131rlar.<\/p>\n\n\n\n<p>Dezenfeksiyon ya hastal\u0131k s\u0131ras\u0131nda ya da hastal\u0131k sonras\u0131nda uygulan\u0131r. Yaln\u0131z hastaya, onun dokundugu nesnelere, \u00e7ama\u015f\u0131r\u0131na, t\u00fck\u00fcrd\u00fc\u011f\u00fcne, d\u0131\u015fk\u0131s\u0131na de\u011fil, onu tedavi eden personele, ziyaret eden ki\u015filere, yatt\u0131\u011f\u0131 odaya, e\u015fyaya, duvarlara ve d\u00f6\u015femeye de uygulanmal\u0131d\u0131r. Kapal\u0131 yerlerin dezenfeksiyonu ya buharla (<em>formol, s\u00fclf\u00fcr anhidrit, klor<\/em>) ya da p\u00fcsk\u00fcrt\u00fclebilecek&nbsp;antiseptik&nbsp;eriyikle (<em>Javel suyu, s\u00fcblime, asit fenik vb.<\/em>) yap\u0131l\u0131r. E\u015fyalar\u0131n dezenfeksiyonu genellikle buharla ya da kuru \u0131s\u0131yla \u00e7al\u0131\u015fan e\u00fctvlerle ya da dezenfektan gazlarla yap\u0131l\u0131r. Bildirilmesi zorunlu hastal\u0131klarda (<em>tularemi,besin zehirlenmeleri&nbsp;ve&nbsp;tetanos&nbsp;d\u0131\u015f\u0131nda<\/em>)dezenfeksiyon zorunludur.<\/p>\n<\/div><\/div>\n","protected":false},"excerpt":{"rendered":"<p>Cans\u0131z ortamdaki bakteri&nbsp;endosporlar\u0131&nbsp;d\u0131\u015f\u0131nda kalan patojen mikroorganizmalar\u0131n \u00f6ld\u00fcr\u00fclmesi veya \u00fcremelerinin durdurulmas\u0131 i\u015flemidir. Bu ama\u00e7la kullan\u0131lan kimyasal maddelere&nbsp;dezenfektan&nbsp;denir. Dezenfeksiyon&nbsp;sterilizasyon&nbsp;demek de\u011fildir. Sterilizasyon cans\u0131z [&hellip;]<\/p>\n","protected":false},"author":1,"featured_media":0,"parent":0,"menu_order":0,"comment_status":"closed","ping_status":"closed","template":"","meta":{"footnotes":""},"class_list":["post-1189","page","type-page","status-publish","hentry"],"_links":{"self":[{"href":"https:\/\/yontemilac.com\/index.php?rest_route=\/wp\/v2\/pages\/1189","targetHints":{"allow":["GET"]}}],"collection":[{"href":"https:\/\/yontemilac.com\/index.php?rest_route=\/wp\/v2\/pages"}],"about":[{"href":"https:\/\/yontemilac.com\/index.php?rest_route=\/wp\/v2\/types\/page"}],"author":[{"embeddable":true,"href":"https:\/\/yontemilac.com\/index.php?rest_route=\/wp\/v2\/users\/1"}],"replies":[{"embeddable":true,"href":"https:\/\/yontemilac.com\/index.php?rest_route=%2Fwp%2Fv2%2Fcomments&post=1189"}],"version-history":[{"count":6,"href":"https:\/\/yontemilac.com\/index.php?rest_route=\/wp\/v2\/pages\/1189\/revisions"}],"predecessor-version":[{"id":1524,"href":"https:\/\/yontemilac.com\/index.php?rest_route=\/wp\/v2\/pages\/1189\/revisions\/1524"}],"wp:attachment":[{"href":"https:\/\/yontemilac.com\/index.php?rest_route=%2Fwp%2Fv2%2Fmedia&parent=1189"}],"curies":[{"name":"wp","href":"https:\/\/api.w.org\/{rel}","templated":true}]}}