{"id":1191,"date":"2023-09-27T18:37:50","date_gmt":"2023-09-27T15:37:50","guid":{"rendered":"https:\/\/yontemilac.com\/?page_id=1191"},"modified":"2023-10-13T12:52:01","modified_gmt":"2023-10-13T09:52:01","slug":"su-deposu","status":"publish","type":"page","link":"https:\/\/yontemilac.com\/?page_id=1191","title":{"rendered":"Su Deposu"},"content":{"rendered":"\n<div class=\"wp-block-columns are-vertically-aligned-top is-layout-flex wp-container-core-columns-is-layout-9d6595d7 wp-block-columns-is-layout-flex\">\n<div class=\"wp-block-column is-layout-flow wp-block-column-is-layout-flow\" style=\"flex-basis:75%\">\n<p><strong><mark style=\"background-color:rgba(0, 0, 0, 0)\" class=\"has-inline-color has-black-color\">SU DEPOLARININ DEZENFEKTES\u0130N\u0130N AMACI<\/mark><\/strong><\/p>\n\n\n\n<p>Toplu ya\u015fam alanlar\u0131ndaki bula\u015f\u0131c\u0131 hastal\u0131klar\u0131n yay\u0131lmas\u0131na sebep olan \u201cpatojen<br>mikroorganizmalar\u0131\u201d yok etmek,<\/p>\n\n\n\n<ul class=\"wp-block-list\">\n<li>Ev veya i\u015fyerinizde kulland\u0131\u011f\u0131n\u0131z i\u00e7me sular\u0131nda k\u00f6t\u00fc tat ve kokuya<br>neden olan organik maddeleri ve organizmalar\u0131 uzakla\u015ft\u0131rmakt\u0131r.<br>Su, bula\u015f\u0131c\u0131 hastal\u0131klar i\u00e7in en elveri\u015fli ge\u00e7i\u015f vas\u0131tas\u0131d\u0131r. Su<br>depolar\u0131nda uzun bir s\u00fcre bekletilen \u015febeke suyundaki klor, ne yaz\u0131k ki<br>aktivitesini yitirmekte ve mikroorganizmalar i\u00e7in elveri\u015fli bir ortam<br>olu\u015fmaktad\u0131r.<br>Su depolar\u0131n\u0131n uzun s\u00fcre temizlik ve dezenfektesinin yap\u0131lmamas\u0131<br>sonucunda meydana gelen fiziksel, kimyasal ve biyolojik kirlilikler, su<br>depolar\u0131nda; \u00e7amurla\u015fma, d\u00f6k\u00fclme, paslanma, suda; renk, koku ve bakteri olu\u015fumuna neden<br>olmaktad\u0131r. Bu durum suyun i\u00e7ile bilirlik ve kullan\u0131labilirlik \u00f6zelli\u011fini ortadan kald\u0131rmaktad\u0131r<\/li>\n<\/ul>\n\n\n\n<p>\u0130\u00e7me suyu, su deposu bulunduran bina<br>ve i\u015fyerlerinin gerekli depo bak\u0131m\u0131 ve dezenfeksiyonunu yapmamas\u0131 sebebiyle fiziksel, kimyasal ve<br>bakteriyolojik olarak kirlenmektedir. Bu durum ise tifo, kolera, sar\u0131l\u0131k, zat\u00fcrre, hepatit gibi salg\u0131n<br>hastal\u0131klar olmak \u00fczere bir\u00e7ok hastal\u0131\u011fa sebebiyet verebilmektedir.<\/p>\n<\/div>\n\n\n\n<div class=\"wp-block-column is-layout-flow wp-block-column-is-layout-flow\" style=\"flex-basis:25%\">\n<figure class=\"wp-block-image is-resized\"><img loading=\"lazy\" decoding=\"async\" src=\"https:\/\/yontemilac.com\/wp-content\/uploads\/2023\/08\/20210806_180715-768x1024.jpg\" alt=\"\" class=\"wp-image-26\" style=\"width:186px;height:248px\" width=\"186\" height=\"248\" srcset=\"https:\/\/yontemilac.com\/wp-content\/uploads\/2023\/08\/20210806_180715-768x1024.jpg 768w, https:\/\/yontemilac.com\/wp-content\/uploads\/2023\/08\/20210806_180715-scaled-600x800.jpg 600w, https:\/\/yontemilac.com\/wp-content\/uploads\/2023\/08\/20210806_180715-225x300.jpg 225w, https:\/\/yontemilac.com\/wp-content\/uploads\/2023\/08\/20210806_180715-1152x1536.jpg 1152w, https:\/\/yontemilac.com\/wp-content\/uploads\/2023\/08\/20210806_180715-1536x2048.jpg 1536w, https:\/\/yontemilac.com\/wp-content\/uploads\/2023\/08\/20210806_180715-scaled.jpg 1920w\" sizes=\"auto, (max-width: 186px) 100vw, 186px\" \/><\/figure>\n\n\n\n<p><\/p>\n\n\n\n<figure class=\"wp-block-image size-full is-resized\"><img loading=\"lazy\" decoding=\"async\" src=\"https:\/\/yontemilac.com\/wp-content\/uploads\/2023\/09\/1534347593433-e1694785734902.jpg\" alt=\"\" class=\"wp-image-971\" style=\"width:182px;height:182px\" width=\"182\" height=\"182\"\/><\/figure>\n<\/div>\n<\/div>\n\n\n\n<div class=\"wp-block-columns is-layout-flex wp-container-core-columns-is-layout-9d6595d7 wp-block-columns-is-layout-flex\">\n<div class=\"wp-block-column is-layout-flow wp-block-column-is-layout-flow\">\n<p><strong><mark style=\"background-color:rgba(0, 0, 0, 0)\" class=\"has-inline-color has-black-color\">SA\u011eLIKLI SU DEPOSUNUN \u00d6ZELL\u0130KLER\u0130<br><\/mark><\/strong>Su deponuzun belirli aral\u0131klarda ve d\u00fczenli olarak<br>mutlaka temizlik ve dezenfektesi yap\u0131lmal\u0131.<\/p>\n\n\n\n<ul class=\"wp-block-list\">\n<li>Depo i\u00e7erisindeki su, uzun bir s\u00fcre bekletilmemeli<br>yani sadece su kesintisi oldu\u011fu zaman de\u011fil s\u00fcrekli<br>olarak sirk\u00fclasyonu sa\u011flanarak t\u00fcketilmeli.<\/li>\n\n\n\n<li>Su deponuzun y\u00fczeyleri, i\u00e7indeki suyun \u00f6zelliklerini<br>bozmayacak nitelikte olmal\u0131 veya bu nitelikte bir<br>yal\u0131t\u0131m malzemesi ile kaplat\u0131lmal\u0131.<\/li>\n\n\n\n<li>Deponun i\u00e7inde e\u011fer farkl\u0131 ama\u00e7larla ge\u00e7en boru<br>ba\u011flant\u0131lar\u0131 var ise (kalorifer ve su tesisat\u0131) bu<br>ba\u011flant\u0131larda s\u0131z\u0131nt\u0131 olup olmad\u0131\u011f\u0131n\u0131n kontrol\u00fc yap\u0131lmal\u0131.<\/li>\n\n\n\n<li>Hidrofor ve fittings elemanlar\u0131n\u0131n metal aksam\u0131 ve plastik aksam\u0131nda bakteri \u00fcretmeyen ve insan<br>sa\u011fl\u0131\u011f\u0131n\u0131 tehdit edici materyaller i\u00e7ermeyen malzemeler kullan\u0131lmal\u0131.<\/li>\n\n\n\n<li>Deponuza ait kapa\u011f\u0131n kilitli olmas\u0131 ve sadece g\u00f6revlilerce a\u00e7\u0131l\u0131p kapanmas\u0131 sa\u011flanmal\u0131. \u2022 B\u00f6cek, kedi,<br>fare ve ku\u015flar\u0131n su deposuna girmelerine kar\u015f\u0131 \u00f6nlem al\u0131nmal\u0131.<\/li>\n<\/ul>\n<\/div>\n\n\n\n<div class=\"wp-block-column is-layout-flow wp-block-column-is-layout-flow\">\n<p><strong><mark style=\"background-color:rgba(0, 0, 0, 0)\" class=\"has-inline-color has-black-color\">SU DEPOSU YAPTIRILIRKEN D\u0130KKAT ED\u0130LMES\u0130 GEREKEN HUSUSLAR<\/mark><\/strong><\/p>\n\n\n\n<ol class=\"wp-block-list\">\n<li>Bina alt\u0131na yerle\u015ftirilen su depolar\u0131 kazan<br>dairelerinden kaynaklanan k\u00f6m\u00fcr tozu, baca<br>duman\u0131, is, k\u00f6t\u00fc koku kaynaklar\u0131ndan uzak ve<br>rutubet almayan \u00f6zel odalarda olmal\u0131d\u0131r.<\/li>\n\n\n\n<li>Is\u0131 kaynaklar\u0131ndan uzak, \u0131s\u0131 ve su yal\u0131t\u0131m\u0131 yap\u0131lm\u0131\u015f<br>ve havaland\u0131rmas\u0131 kolay olmal\u0131. Direkt olarak g\u00fcn<br>\u0131\u015f\u0131\u011f\u0131na maruz b\u0131rak\u0131lmamal\u0131d\u0131r.<\/li>\n\n\n\n<li>Depolar duvarlara \u00e7ok yak\u0131n montaj edilmemelidir.<br>\u00c7\u00fcnk\u00fc rutin depo bak\u0131mlar\u0131 ve olas\u0131 ar\u0131za<br>durumlar\u0131 i\u00e7in rahat bir \u00e7al\u0131\u015fma ortam\u0131 sa\u011flanmal\u0131d\u0131r.<\/li>\n\n\n\n<li>Betonarme depolarda kullan\u0131lan boya ve kaplama malzemelerinin bakteri \u00fcretmeyen, insan<br>sa\u011fl\u0131\u011f\u0131n\u0131 tehdit edici kimyasallar\u0131n bulunmad\u0131\u011f\u0131n\u0131 belirleyen konuyla alakal\u0131 onay\u0131 al\u0131nm\u0131\u015f<br>laboratuvar raporlar\u0131 bulunmal\u0131d\u0131r.<\/li>\n\n\n\n<li>Paslanmaz \u00e7elik, krom nikel ve polietilenden yap\u0131lm\u0131\u015f depolar tercih edilebilir. Bu depolar\u0131nda<br>bakteri \u00fcretmeyen, i\u00e7eri\u011finde insan sa\u011fl\u0131\u011f\u0131n\u0131 tehdit edici kimyasallar bulunmad\u0131\u011f\u0131n\u0131 belirleyen<br>ilgili laboratuvarlardan al\u0131nm\u0131\u015f laboratuvar raporlar\u0131 bulunmal\u0131d\u0131r.<\/li>\n<\/ol>\n<\/div>\n<\/div>\n\n\n\n<div class=\"wp-block-columns is-layout-flex wp-container-core-columns-is-layout-9d6595d7 wp-block-columns-is-layout-flex\">\n<div class=\"wp-block-column is-layout-flow wp-block-column-is-layout-flow\" style=\"flex-basis:100%\">\n<div class=\"wp-block-columns is-layout-flex wp-container-core-columns-is-layout-9d6595d7 wp-block-columns-is-layout-flex\">\n<div class=\"wp-block-column is-layout-flow wp-block-column-is-layout-flow\">\n<figure class=\"wp-block-image size-large\"><img loading=\"lazy\" decoding=\"async\" width=\"1024\" height=\"1024\" src=\"https:\/\/yontemilac.com\/wp-content\/uploads\/2023\/09\/Turuncu-ve-Kahverengi-Eglenceli-Paket-Servis-Instagram-Gonderisi-1-1024x1024.jpg\" alt=\"\" class=\"wp-image-1021\" srcset=\"https:\/\/yontemilac.com\/wp-content\/uploads\/2023\/09\/Turuncu-ve-Kahverengi-Eglenceli-Paket-Servis-Instagram-Gonderisi-1-1024x1024.jpg 1024w, https:\/\/yontemilac.com\/wp-content\/uploads\/2023\/09\/Turuncu-ve-Kahverengi-Eglenceli-Paket-Servis-Instagram-Gonderisi-1-300x300.jpg 300w, https:\/\/yontemilac.com\/wp-content\/uploads\/2023\/09\/Turuncu-ve-Kahverengi-Eglenceli-Paket-Servis-Instagram-Gonderisi-1-150x150.jpg 150w, https:\/\/yontemilac.com\/wp-content\/uploads\/2023\/09\/Turuncu-ve-Kahverengi-Eglenceli-Paket-Servis-Instagram-Gonderisi-1-768x768.jpg 768w, https:\/\/yontemilac.com\/wp-content\/uploads\/2023\/09\/Turuncu-ve-Kahverengi-Eglenceli-Paket-Servis-Instagram-Gonderisi-1-600x600.jpg 600w, https:\/\/yontemilac.com\/wp-content\/uploads\/2023\/09\/Turuncu-ve-Kahverengi-Eglenceli-Paket-Servis-Instagram-Gonderisi-1-100x100.jpg 100w, https:\/\/yontemilac.com\/wp-content\/uploads\/2023\/09\/Turuncu-ve-Kahverengi-Eglenceli-Paket-Servis-Instagram-Gonderisi-1.jpg 1080w\" sizes=\"auto, (max-width: 1024px) 100vw, 1024px\" \/><\/figure>\n<\/div>\n\n\n\n<div class=\"wp-block-column is-layout-flow wp-block-column-is-layout-flow\">\n<figure class=\"wp-block-image size-large\"><img loading=\"lazy\" decoding=\"async\" width=\"1024\" height=\"1024\" src=\"https:\/\/yontemilac.com\/wp-content\/uploads\/2023\/09\/Siparis--1024x1024.jpg\" alt=\"\" class=\"wp-image-1022\" srcset=\"https:\/\/yontemilac.com\/wp-content\/uploads\/2023\/09\/Siparis--1024x1024.jpg 1024w, https:\/\/yontemilac.com\/wp-content\/uploads\/2023\/09\/Siparis--300x300.jpg 300w, https:\/\/yontemilac.com\/wp-content\/uploads\/2023\/09\/Siparis--150x150.jpg 150w, https:\/\/yontemilac.com\/wp-content\/uploads\/2023\/09\/Siparis--768x768.jpg 768w, https:\/\/yontemilac.com\/wp-content\/uploads\/2023\/09\/Siparis--600x600.jpg 600w, https:\/\/yontemilac.com\/wp-content\/uploads\/2023\/09\/Siparis--100x100.jpg 100w, https:\/\/yontemilac.com\/wp-content\/uploads\/2023\/09\/Siparis-.jpg 1080w\" sizes=\"auto, (max-width: 1024px) 100vw, 1024px\" \/><\/figure>\n<\/div>\n\n\n\n<div class=\"wp-block-column is-layout-flow wp-block-column-is-layout-flow\">\n<figure class=\"wp-block-image size-full\"><img loading=\"lazy\" decoding=\"async\" width=\"999\" height=\"884\" src=\"https:\/\/yontemilac.com\/wp-content\/uploads\/2023\/09\/perde5.jpg\" alt=\"\" class=\"wp-image-1023\" srcset=\"https:\/\/yontemilac.com\/wp-content\/uploads\/2023\/09\/perde5.jpg 999w, https:\/\/yontemilac.com\/wp-content\/uploads\/2023\/09\/perde5-300x265.jpg 300w, https:\/\/yontemilac.com\/wp-content\/uploads\/2023\/09\/perde5-768x680.jpg 768w, https:\/\/yontemilac.com\/wp-content\/uploads\/2023\/09\/perde5-600x531.jpg 600w\" sizes=\"auto, (max-width: 999px) 100vw, 999px\" \/><\/figure>\n<\/div>\n<\/div>\n<\/div>\n<\/div>\n","protected":false},"excerpt":{"rendered":"<p>SU DEPOLARININ DEZENFEKTES\u0130N\u0130N AMACI Toplu ya\u015fam alanlar\u0131ndaki bula\u015f\u0131c\u0131 hastal\u0131klar\u0131n yay\u0131lmas\u0131na sebep olan \u201cpatojenmikroorganizmalar\u0131\u201d yok etmek, \u0130\u00e7me suyu, su deposu bulunduran [&hellip;]<\/p>\n","protected":false},"author":1,"featured_media":0,"parent":0,"menu_order":0,"comment_status":"closed","ping_status":"closed","template":"","meta":{"footnotes":""},"class_list":["post-1191","page","type-page","status-publish","hentry"],"_links":{"self":[{"href":"https:\/\/yontemilac.com\/index.php?rest_route=\/wp\/v2\/pages\/1191","targetHints":{"allow":["GET"]}}],"collection":[{"href":"https:\/\/yontemilac.com\/index.php?rest_route=\/wp\/v2\/pages"}],"about":[{"href":"https:\/\/yontemilac.com\/index.php?rest_route=\/wp\/v2\/types\/page"}],"author":[{"embeddable":true,"href":"https:\/\/yontemilac.com\/index.php?rest_route=\/wp\/v2\/users\/1"}],"replies":[{"embeddable":true,"href":"https:\/\/yontemilac.com\/index.php?rest_route=%2Fwp%2Fv2%2Fcomments&post=1191"}],"version-history":[{"count":8,"href":"https:\/\/yontemilac.com\/index.php?rest_route=\/wp\/v2\/pages\/1191\/revisions"}],"predecessor-version":[{"id":1541,"href":"https:\/\/yontemilac.com\/index.php?rest_route=\/wp\/v2\/pages\/1191\/revisions\/1541"}],"wp:attachment":[{"href":"https:\/\/yontemilac.com\/index.php?rest_route=%2Fwp%2Fv2%2Fmedia&parent=1191"}],"curies":[{"name":"wp","href":"https:\/\/api.w.org\/{rel}","templated":true}]}}