{"id":1193,"date":"2023-09-27T18:39:06","date_gmt":"2023-09-27T15:39:06","guid":{"rendered":"https:\/\/yontemilac.com\/?page_id=1193"},"modified":"2023-10-12T15:46:11","modified_gmt":"2023-10-12T12:46:11","slug":"danismanlik","status":"publish","type":"page","link":"https:\/\/yontemilac.com\/?page_id=1193","title":{"rendered":"Dan\u0131\u015fmanl\u0131k"},"content":{"rendered":"\n<div class=\"wp-block-columns alignfull has-text-color has-background is-layout-flex wp-container-core-columns-is-layout-9d6595d7 wp-block-columns-is-layout-flex\" style=\"color:#000000;background-color:#ffffff\">\n<div class=\"wp-block-column is-layout-flow wp-block-column-is-layout-flow\">\n<h3 class=\"wp-block-heading\" style=\"font-size:24px;line-height:1.3\"><strong>D\u00f6k\u00fcman \u2197<\/strong><\/h3>\n\n\n\n<p>Firmam\u0131z tesis\/i\u015fletmede yap\u0131lacak her uygulama sonras\u0131 ilgili raporlar\u0131 d\u00fczenleyip firman\u0131z i\u00e7in haz\u0131rlayaca\u011f\u0131m\u0131z proje dosyam\u0131zda muhafaza edilmek \u00fczere tesis yetkilisine teslim edilecektir.<\/p>\n<\/div>\n\n\n\n<div class=\"wp-block-column is-layout-flow wp-block-column-is-layout-flow\">\n<h3 class=\"wp-block-heading\" style=\"font-size:24px;line-height:1.3\"><strong>E\u011fitim \u2197<\/strong><\/h3>\n\n\n\n<p>Firmam\u0131z kalite standartlar\u0131n\u0131 korumak ve geli\u015ftirmek i\u00e7in \u00e7al\u0131\u015fanlar\u0131n\u0131 i\u00e7 ve d\u0131\u015f e\u011fitimler ile teknik toplant\u0131 ve sunumlara tabi tutar.<\/p>\n<\/div>\n\n\n\n<div class=\"wp-block-column is-layout-flow wp-block-column-is-layout-flow\">\n<h3 class=\"wp-block-heading\" style=\"font-size:24px;line-height:1.3\"><strong>Planlama \u2197<\/strong><\/h3>\n\n\n\n<p>Firmam\u0131z i\u015fveren taraf\u0131ndan talep edilmesi halinde tesis\/i\u015fletmede zararl\u0131larla m\u00fccadele konusunda ilgili personellere, ha\u015fere ve kemirgenler hakk\u0131nda gerekli bilgi ve donan\u0131ma sahip olabilmesi i\u00e7in gerekli e\u011fitimi planlay\u0131p sunar.<\/p>\n<\/div>\n<\/div>\n\n\n\n<div class=\"wp-block-columns is-layout-flex wp-container-core-columns-is-layout-9d6595d7 wp-block-columns-is-layout-flex\">\n<div class=\"wp-block-column is-layout-flow wp-block-column-is-layout-flow\">\n<figure class=\"wp-block-image size-full\"><img loading=\"lazy\" decoding=\"async\" width=\"600\" height=\"200\" src=\"https:\/\/yontemilac.com\/wp-content\/uploads\/2023\/09\/2.png\" alt=\"\" class=\"wp-image-956\" srcset=\"https:\/\/yontemilac.com\/wp-content\/uploads\/2023\/09\/2.png 600w, https:\/\/yontemilac.com\/wp-content\/uploads\/2023\/09\/2-300x100.png 300w\" sizes=\"auto, (max-width: 600px) 100vw, 600px\" \/><\/figure>\n<\/div>\n\n\n\n<div class=\"wp-block-column is-layout-flow wp-block-column-is-layout-flow\">\n<figure class=\"wp-block-gallery has-nested-images columns-default is-cropped wp-block-gallery-1 is-layout-flex wp-block-gallery-is-layout-flex\">\n<figure class=\"wp-block-image size-large\"><img loading=\"lazy\" decoding=\"async\" width=\"600\" height=\"200\" data-id=\"955\" src=\"https:\/\/yontemilac.com\/wp-content\/uploads\/2023\/09\/1.png\" alt=\"\" class=\"wp-image-955\" srcset=\"https:\/\/yontemilac.com\/wp-content\/uploads\/2023\/09\/1.png 600w, https:\/\/yontemilac.com\/wp-content\/uploads\/2023\/09\/1-300x100.png 300w\" sizes=\"auto, (max-width: 600px) 100vw, 600px\" \/><\/figure>\n<\/figure>\n<\/div>\n<\/div>\n","protected":false},"excerpt":{"rendered":"<p>D\u00f6k\u00fcman \u2197 Firmam\u0131z tesis\/i\u015fletmede yap\u0131lacak her uygulama sonras\u0131 ilgili raporlar\u0131 d\u00fczenleyip firman\u0131z i\u00e7in haz\u0131rlayaca\u011f\u0131m\u0131z proje dosyam\u0131zda muhafaza edilmek \u00fczere tesis [&hellip;]<\/p>\n","protected":false},"author":1,"featured_media":0,"parent":0,"menu_order":0,"comment_status":"closed","ping_status":"closed","template":"","meta":{"footnotes":""},"class_list":["post-1193","page","type-page","status-publish","hentry"],"_links":{"self":[{"href":"https:\/\/yontemilac.com\/index.php?rest_route=\/wp\/v2\/pages\/1193","targetHints":{"allow":["GET"]}}],"collection":[{"href":"https:\/\/yontemilac.com\/index.php?rest_route=\/wp\/v2\/pages"}],"about":[{"href":"https:\/\/yontemilac.com\/index.php?rest_route=\/wp\/v2\/types\/page"}],"author":[{"embeddable":true,"href":"https:\/\/yontemilac.com\/index.php?rest_route=\/wp\/v2\/users\/1"}],"replies":[{"embeddable":true,"href":"https:\/\/yontemilac.com\/index.php?rest_route=%2Fwp%2Fv2%2Fcomments&post=1193"}],"version-history":[{"count":3,"href":"https:\/\/yontemilac.com\/index.php?rest_route=\/wp\/v2\/pages\/1193\/revisions"}],"predecessor-version":[{"id":1534,"href":"https:\/\/yontemilac.com\/index.php?rest_route=\/wp\/v2\/pages\/1193\/revisions\/1534"}],"wp:attachment":[{"href":"https:\/\/yontemilac.com\/index.php?rest_route=%2Fwp%2Fv2%2Fmedia&parent=1193"}],"curies":[{"name":"wp","href":"https:\/\/api.w.org\/{rel}","templated":true}]}}