{"id":1197,"date":"2023-09-27T18:41:34","date_gmt":"2023-09-27T15:41:34","guid":{"rendered":"https:\/\/yontemilac.com\/?page_id=1197"},"modified":"2023-10-09T16:14:29","modified_gmt":"2023-10-09T13:14:29","slug":"kurumsal","status":"publish","type":"page","link":"https:\/\/yontemilac.com\/?page_id=1197","title":{"rendered":"Kurumsal"},"content":{"rendered":"\n<div class=\"wp-block-group is-vertical is-nowrap is-layout-flex wp-container-core-group-is-layout-287ef9cb wp-block-group-is-layout-flex\" style=\"padding-right:0;padding-left:0\">\n<h6 class=\"wp-block-heading has-text-color\" id=\"ecosystem\" style=\"color:#000000;font-size:16px\">PREM\u0130UM QUAL\u0130TY<\/h6>\n\n\n\n<p class=\"has-text-color\" style=\"color:#000000;font-size:6vw;font-style:normal;font-weight:700;letter-spacing:0px;line-height:0.9;text-decoration:none;text-transform:none\">\u00dcST\u00dcN KAL\u0130TE<\/p>\n<\/div>\n\n\n\n<div style=\"height:1vw\" aria-hidden=\"true\" class=\"wp-block-spacer\"><\/div>\n\n\n\n<div class=\"wp-block-columns is-layout-flex wp-container-core-columns-is-layout-9d6595d7 wp-block-columns-is-layout-flex\">\n<div class=\"wp-block-column is-layout-flow wp-block-column-is-layout-flow\" style=\"flex-basis:100%\">\n<div class=\"wp-block-group alignwide is-vertical is-nowrap is-layout-flex wp-container-core-group-is-layout-8171334d wp-block-group-is-layout-flex\" style=\"padding-top:0;padding-right:0;padding-bottom:0;padding-left:0\">\n<div class=\"wp-block-columns alignwide is-layout-flex wp-container-core-columns-is-layout-2656d967 wp-block-columns-is-layout-flex\">\n<div class=\"wp-block-column is-layout-flow wp-block-column-is-layout-flow\" style=\"flex-basis:33.38%\">\n<div class=\"wp-block-group\"><div class=\"wp-block-group__inner-container is-layout-constrained wp-block-group-is-layout-constrained\">\n<div class=\"wp-block-columns is-layout-flex wp-container-core-columns-is-layout-9d6595d7 wp-block-columns-is-layout-flex\">\n<div class=\"wp-block-column is-layout-flow wp-block-column-is-layout-flow\" style=\"flex-basis:100%\">\n<p>Halk sa\u011fl\u0131\u011f\u0131 alan\u0131nda ha\u015fere ve kemirgen kontrol\u00fc amac\u0131yla yap\u0131lan ila\u00e7lama uygulamalar\u0131m\u0131z, ya\u015fad\u0131\u011f\u0131n\u0131z alanlarda ve\/veya i\u015f ortamlar\u0131n\u0131zda belirli zararl\u0131, ha\u015fere ve kemirgenlere kar\u015f\u0131 uygulama alan\u0131n\u0131n \u00f6zelli\u011fine g\u00f6re T.C. Sa\u011fl\u0131k Bakanl\u0131\u011f\u0131 taraf\u0131ndan ruhsatland\u0131r\u0131lm\u0131\u015f ve D\u00fcnya Sa\u011fl\u0131k \u00d6rg\u00fct\u00fc (WHO) taraf\u0131ndan onaylanm\u0131\u015f farkl\u0131 etken maddeler i\u00e7eren kimyasal \u00fcr\u00fcnler kullan\u0131larak yap\u0131lmaktad\u0131r. Yap\u0131lan uygulamalarda kullan\u0131lacak kimyasal \u00fcr\u00fcnler,\u00a0 insan ve di\u011fer evcil hayvanlara zarar vermeyecek nitelikte T.C. Sa\u011fl\u0131k Bakanl\u0131\u011f\u0131 taraf\u0131ndan ruhsatland\u0131r\u0131lm\u0131\u015f ila\u00e7lar olacakt\u0131r.<img loading=\"lazy\" decoding=\"async\" width=\"500\" height=\"167\" class=\"wp-image-955\" style=\"width: 500px;\" src=\"https:\/\/yontemilac.com\/wp-content\/uploads\/2023\/09\/1.png\" alt=\"\" srcset=\"https:\/\/yontemilac.com\/wp-content\/uploads\/2023\/09\/1.png 600w, https:\/\/yontemilac.com\/wp-content\/uploads\/2023\/09\/1-300x100.png 300w\" sizes=\"auto, (max-width: 500px) 100vw, 500px\" \/><img loading=\"lazy\" decoding=\"async\" width=\"500\" height=\"167\" class=\"wp-image-956\" style=\"width: 500px;\" src=\"https:\/\/yontemilac.com\/wp-content\/uploads\/2023\/09\/2.png\" alt=\"\" srcset=\"https:\/\/yontemilac.com\/wp-content\/uploads\/2023\/09\/2.png 600w, https:\/\/yontemilac.com\/wp-content\/uploads\/2023\/09\/2-300x100.png 300w\" sizes=\"auto, (max-width: 500px) 100vw, 500px\" \/><\/p>\n<\/div>\n<\/div>\n<\/div><\/div>\n<\/div>\n\n\n\n<div class=\"wp-block-column is-layout-flow wp-block-column-is-layout-flow\" style=\"flex-basis:33%\">\n<div style=\"height:2vw\" aria-hidden=\"true\" class=\"wp-block-spacer\"><\/div>\n\n\n\n<figure class=\"wp-block-image size-large\"><img loading=\"lazy\" decoding=\"async\" width=\"724\" height=\"1024\" src=\"https:\/\/yontemilac.com\/wp-content\/uploads\/2023\/08\/20200717_182109_0000-724x1024.png\" alt=\"\" class=\"wp-image-42\" srcset=\"https:\/\/yontemilac.com\/wp-content\/uploads\/2023\/08\/20200717_182109_0000-724x1024.png 724w, https:\/\/yontemilac.com\/wp-content\/uploads\/2023\/08\/20200717_182109_0000-600x849.png 600w, https:\/\/yontemilac.com\/wp-content\/uploads\/2023\/08\/20200717_182109_0000-212x300.png 212w, https:\/\/yontemilac.com\/wp-content\/uploads\/2023\/08\/20200717_182109_0000-768x1087.png 768w, https:\/\/yontemilac.com\/wp-content\/uploads\/2023\/08\/20200717_182109_0000-1086x1536.png 1086w, https:\/\/yontemilac.com\/wp-content\/uploads\/2023\/08\/20200717_182109_0000.png 1413w\" sizes=\"auto, (max-width: 724px) 100vw, 724px\" \/><\/figure>\n<\/div>\n\n\n\n<div class=\"wp-block-column is-layout-flow wp-block-column-is-layout-flow\" style=\"flex-basis:33.62%\">\n<figure class=\"wp-block-image size-large is-resized\"><img loading=\"lazy\" decoding=\"async\" src=\"https:\/\/yontemilac.com\/wp-content\/uploads\/2023\/08\/20200726_134038_0000-724x1024.png\" alt=\"\" class=\"wp-image-41\" style=\"width:315px;height:445px\" width=\"315\" height=\"445\" srcset=\"https:\/\/yontemilac.com\/wp-content\/uploads\/2023\/08\/20200726_134038_0000-724x1024.png 724w, https:\/\/yontemilac.com\/wp-content\/uploads\/2023\/08\/20200726_134038_0000-600x849.png 600w, https:\/\/yontemilac.com\/wp-content\/uploads\/2023\/08\/20200726_134038_0000-212x300.png 212w, https:\/\/yontemilac.com\/wp-content\/uploads\/2023\/08\/20200726_134038_0000-768x1087.png 768w, https:\/\/yontemilac.com\/wp-content\/uploads\/2023\/08\/20200726_134038_0000-1086x1536.png 1086w, https:\/\/yontemilac.com\/wp-content\/uploads\/2023\/08\/20200726_134038_0000.png 1413w\" sizes=\"auto, (max-width: 315px) 100vw, 315px\" \/><\/figure>\n<\/div>\n<\/div>\n\n\n\n<div class=\"wp-block-columns alignwide is-layout-flex wp-container-core-columns-is-layout-724a882f wp-block-columns-is-layout-flex\">\n<div class=\"wp-block-column is-layout-flow wp-block-column-is-layout-flow\" style=\"flex-basis:69%\">\n<figure class=\"wp-block-image size-full is-resized\"><img loading=\"lazy\" decoding=\"async\" src=\"https:\/\/yontemilac.com\/wp-content\/uploads\/2023\/08\/IMG_20210215_232504_670.jpg\" alt=\"\" class=\"wp-image-34\" style=\"width:765px;height:765px\" width=\"765\" height=\"765\" srcset=\"https:\/\/yontemilac.com\/wp-content\/uploads\/2023\/08\/IMG_20210215_232504_670.jpg 720w, https:\/\/yontemilac.com\/wp-content\/uploads\/2023\/08\/IMG_20210215_232504_670-300x300.jpg 300w, https:\/\/yontemilac.com\/wp-content\/uploads\/2023\/08\/IMG_20210215_232504_670-100x100.jpg 100w, https:\/\/yontemilac.com\/wp-content\/uploads\/2023\/08\/IMG_20210215_232504_670-600x600.jpg 600w, https:\/\/yontemilac.com\/wp-content\/uploads\/2023\/08\/IMG_20210215_232504_670-150x150.jpg 150w\" sizes=\"auto, (max-width: 765px) 100vw, 765px\" \/><\/figure>\n<\/div>\n\n\n\n<div class=\"wp-block-column is-vertically-aligned-center is-layout-flow wp-block-column-is-layout-flow\" style=\"flex-basis:33%\">\n<p>Ha\u015fere sorunlar\u0131ndan kal\u0131c\u0131 olarak kurtulabilmek i\u00e7in t\u00fcm uygulamalar\u0131m\u0131zda D\u00fcnya Sa\u011fl\u0131k \u00d6rg\u00fct\u00fc (WHO) ve T\u00fcrkiye Sa\u011fl\u0131k Bakanl\u0131\u011f\u0131 (TSB) taraf\u0131ndan kentsel ha\u015fere kontrol\u00fcnde kullan\u0131m\u0131na izin verilen, etkisi kan\u0131tlanm\u0131\u015f, kullan\u0131m\u0131nda tehlike olu\u015fturmayan insektisitler kullanmaktad\u0131r. Ha\u015fere kontrol\u00fc m\u00fccadelesinde, uygulama yapaca\u011f\u0131m\u0131z alan \u00fczerinde hangi t\u00fcr ha\u015fereye kar\u015f\u0131 m\u00fccadele yap\u0131laca\u011f\u0131, uygulama yap\u0131lacak alan\u0131n fiziki yap\u0131s\u0131 ve alan etraf\u0131nda bulunan \u00e7evresel etkiler analiz edildikten sonra uygulama y\u00f6ntemi belirlenir ve \u00e7\u00f6z\u00fcm odakl\u0131 uygulama yap\u0131l\u0131r.<\/p>\n\n\n\n<p><img loading=\"lazy\" decoding=\"async\" width=\"720\" height=\"720\" class=\"wp-image-1021\" style=\"width: 720px;\" src=\"https:\/\/yontemilac.com\/wp-content\/uploads\/2023\/09\/Turuncu-ve-Kahverengi-Eglenceli-Paket-Servis-Instagram-Gonderisi-1.jpg\" alt=\"\" srcset=\"https:\/\/yontemilac.com\/wp-content\/uploads\/2023\/09\/Turuncu-ve-Kahverengi-Eglenceli-Paket-Servis-Instagram-Gonderisi-1.jpg 1080w, https:\/\/yontemilac.com\/wp-content\/uploads\/2023\/09\/Turuncu-ve-Kahverengi-Eglenceli-Paket-Servis-Instagram-Gonderisi-1-300x300.jpg 300w, https:\/\/yontemilac.com\/wp-content\/uploads\/2023\/09\/Turuncu-ve-Kahverengi-Eglenceli-Paket-Servis-Instagram-Gonderisi-1-1024x1024.jpg 1024w, https:\/\/yontemilac.com\/wp-content\/uploads\/2023\/09\/Turuncu-ve-Kahverengi-Eglenceli-Paket-Servis-Instagram-Gonderisi-1-150x150.jpg 150w, https:\/\/yontemilac.com\/wp-content\/uploads\/2023\/09\/Turuncu-ve-Kahverengi-Eglenceli-Paket-Servis-Instagram-Gonderisi-1-768x768.jpg 768w, https:\/\/yontemilac.com\/wp-content\/uploads\/2023\/09\/Turuncu-ve-Kahverengi-Eglenceli-Paket-Servis-Instagram-Gonderisi-1-600x600.jpg 600w, https:\/\/yontemilac.com\/wp-content\/uploads\/2023\/09\/Turuncu-ve-Kahverengi-Eglenceli-Paket-Servis-Instagram-Gonderisi-1-100x100.jpg 100w\" sizes=\"auto, (max-width: 720px) 100vw, 720px\" \/><\/p>\n\n\n\n<div style=\"height:2vw\" aria-hidden=\"true\" class=\"wp-block-spacer\"><\/div>\n<\/div>\n<\/div>\n<\/div>\n<\/div>\n<\/div>\n","protected":false},"excerpt":{"rendered":"<p>PREM\u0130UM QUAL\u0130TY \u00dcST\u00dcN KAL\u0130TE Halk sa\u011fl\u0131\u011f\u0131 alan\u0131nda ha\u015fere ve kemirgen kontrol\u00fc amac\u0131yla yap\u0131lan ila\u00e7lama uygulamalar\u0131m\u0131z, ya\u015fad\u0131\u011f\u0131n\u0131z alanlarda ve\/veya i\u015f ortamlar\u0131n\u0131zda [&hellip;]<\/p>\n","protected":false},"author":1,"featured_media":0,"parent":0,"menu_order":0,"comment_status":"closed","ping_status":"closed","template":"","meta":{"footnotes":""},"class_list":["post-1197","page","type-page","status-publish","hentry"],"_links":{"self":[{"href":"https:\/\/yontemilac.com\/index.php?rest_route=\/wp\/v2\/pages\/1197","targetHints":{"allow":["GET"]}}],"collection":[{"href":"https:\/\/yontemilac.com\/index.php?rest_route=\/wp\/v2\/pages"}],"about":[{"href":"https:\/\/yontemilac.com\/index.php?rest_route=\/wp\/v2\/types\/page"}],"author":[{"embeddable":true,"href":"https:\/\/yontemilac.com\/index.php?rest_route=\/wp\/v2\/users\/1"}],"replies":[{"embeddable":true,"href":"https:\/\/yontemilac.com\/index.php?rest_route=%2Fwp%2Fv2%2Fcomments&post=1197"}],"version-history":[{"count":35,"href":"https:\/\/yontemilac.com\/index.php?rest_route=\/wp\/v2\/pages\/1197\/revisions"}],"predecessor-version":[{"id":1498,"href":"https:\/\/yontemilac.com\/index.php?rest_route=\/wp\/v2\/pages\/1197\/revisions\/1498"}],"wp:attachment":[{"href":"https:\/\/yontemilac.com\/index.php?rest_route=%2Fwp%2Fv2%2Fmedia&parent=1197"}],"curies":[{"name":"wp","href":"https:\/\/api.w.org\/{rel}","templated":true}]}}