{"id":1240,"date":"2023-09-28T16:59:44","date_gmt":"2023-09-28T13:59:44","guid":{"rendered":"https:\/\/yontemilac.com\/?page_id=1240"},"modified":"2023-10-02T12:13:37","modified_gmt":"2023-10-02T09:13:37","slug":"hakkimizda","status":"publish","type":"page","link":"https:\/\/yontemilac.com\/?page_id=1240","title":{"rendered":"Hakk\u0131m\u0131zda"},"content":{"rendered":"\n<div class=\"wp-block-columns alignfull is-layout-flex wp-container-core-columns-is-layout-9d6595d7 wp-block-columns-is-layout-flex\">\n<div class=\"wp-block-column is-vertically-aligned-center is-layout-flow wp-block-column-is-layout-flow\" style=\"flex-basis:50%\">\n<p>Sa\u011fl\u0131kl\u0131 ya\u015fam alanlar\u0131 i\u00e7in bir numaral\u0131 \u00e7\u00f6z\u00fcm orta\u011f\u0131n\u0131z olan Y\u00d6NTEM PEST CONTROL g\u00fcvenilirlik, m\u00fc\u015fteri memnuniyeti ve benzersizli\u011fe odaklanarak size hizmeti en iyi \u015fekilde sunmaya kararl\u0131y\u0131z.<\/p>\n\n\n\n<p>Ahmet BERKTA\u015e taraf\u0131ndan 2013 \u2018da Rize&#8217;nin re\u015fadiye mahallesinde 20m kare bir d\u00fckkanda kurulan Y\u00d6NTEM PEST CONTROL, bu yolculu\u011fa ilk ba\u015flad\u0131\u011f\u0131nda, kurucunun tutkusu, insanlar\u0131n daha \u00e7evre dostu olmas\u0131na yard\u0131mc\u0131 olmak ve sa\u011fl\u0131kl\u0131 \u00e7\u00f6z\u00fcmler sunmak i\u00e7in yo\u011fun ara\u015ft\u0131rma yapmaya s\u00fcr\u00fckledi. S\u0131k\u0131 \u00e7al\u0131\u015farak h\u0131zla b\u00fcy\u00fcyen bir \u00e7evrimi\u00e7i hizmete d\u00f6n\u00fc\u015ft\u00fcrd\u00fc. Art\u0131k T\u00fcrkiye\u2019nin her yerindeki m\u00fc\u015fterilere hizmet veriyoruz ve \u00e7evre dostu, kullan\u0131c\u0131 dostu, s\u00fcrd\u00fcr\u00fclebilir \u00fcr\u00fcnlerin bir par\u00e7as\u0131 olmaktan heyecan duyuyoruz.<\/p>\n<\/div>\n\n\n\n<div class=\"wp-block-column is-vertically-aligned-top is-layout-flow wp-block-column-is-layout-flow\" style=\"flex-basis:50%\"><div class=\"wp-block-image wp-duotone-000000-ffffff-1\">\n<figure class=\"alignleft is-resized\"><img loading=\"lazy\" decoding=\"async\" src=\"https:\/\/yontemilac.com\/wp-content\/uploads\/2023\/08\/orumcek.jpg\" alt=\"\" class=\"wp-image-71\" style=\"width:351px;height:248px\" width=\"351\" height=\"248\" srcset=\"https:\/\/yontemilac.com\/wp-content\/uploads\/2023\/08\/orumcek.jpg 842w, https:\/\/yontemilac.com\/wp-content\/uploads\/2023\/08\/orumcek-600x424.jpg 600w, https:\/\/yontemilac.com\/wp-content\/uploads\/2023\/08\/orumcek-300x212.jpg 300w, https:\/\/yontemilac.com\/wp-content\/uploads\/2023\/08\/orumcek-768x543.jpg 768w\" sizes=\"auto, (max-width: 351px) 100vw, 351px\" \/><\/figure>\n<\/div><\/div>\n<\/div>\n","protected":false},"excerpt":{"rendered":"<p>Sa\u011fl\u0131kl\u0131 ya\u015fam alanlar\u0131 i\u00e7in bir numaral\u0131 \u00e7\u00f6z\u00fcm orta\u011f\u0131n\u0131z olan Y\u00d6NTEM PEST CONTROL g\u00fcvenilirlik, m\u00fc\u015fteri memnuniyeti ve benzersizli\u011fe odaklanarak size hizmeti [&hellip;]<\/p>\n","protected":false},"author":1,"featured_media":0,"parent":0,"menu_order":0,"comment_status":"closed","ping_status":"closed","template":"","meta":{"footnotes":""},"class_list":["post-1240","page","type-page","status-publish","hentry"],"_links":{"self":[{"href":"https:\/\/yontemilac.com\/index.php?rest_route=\/wp\/v2\/pages\/1240","targetHints":{"allow":["GET"]}}],"collection":[{"href":"https:\/\/yontemilac.com\/index.php?rest_route=\/wp\/v2\/pages"}],"about":[{"href":"https:\/\/yontemilac.com\/index.php?rest_route=\/wp\/v2\/types\/page"}],"author":[{"embeddable":true,"href":"https:\/\/yontemilac.com\/index.php?rest_route=\/wp\/v2\/users\/1"}],"replies":[{"embeddable":true,"href":"https:\/\/yontemilac.com\/index.php?rest_route=%2Fwp%2Fv2%2Fcomments&post=1240"}],"version-history":[{"count":25,"href":"https:\/\/yontemilac.com\/index.php?rest_route=\/wp\/v2\/pages\/1240\/revisions"}],"predecessor-version":[{"id":1323,"href":"https:\/\/yontemilac.com\/index.php?rest_route=\/wp\/v2\/pages\/1240\/revisions\/1323"}],"wp:attachment":[{"href":"https:\/\/yontemilac.com\/index.php?rest_route=%2Fwp%2Fv2%2Fmedia&parent=1240"}],"curies":[{"name":"wp","href":"https:\/\/api.w.org\/{rel}","templated":true}]}}