{"id":1242,"date":"2023-09-28T17:00:06","date_gmt":"2023-09-28T14:00:06","guid":{"rendered":"https:\/\/yontemilac.com\/?page_id=1242"},"modified":"2023-10-02T12:09:02","modified_gmt":"2023-10-02T09:09:02","slug":"vizyonumuz","status":"publish","type":"page","link":"https:\/\/yontemilac.com\/?page_id=1242","title":{"rendered":"Vizyonumuz"},"content":{"rendered":"\n<div class=\"wp-block-media-text is-stacked-on-mobile is-vertically-aligned-top\" style=\"grid-template-columns:15% auto\"><figure class=\"wp-block-media-text__media\"><img decoding=\"async\" src=\"https:\/\/yontemilac.com\/wp-content\/uploads\/2023\/08\/YENI-LOGOMUZ.png\" alt=\"\" class=\"wp-image-72 size-full\"\/><\/figure><div class=\"wp-block-media-text__content\">\n<p>Y\u00d6NTEM PEST CONTROL s\u00fcrekli kendini g\u00fcncelleyerek yeniliklere a\u00e7\u0131k zaman\u0131n \u00f6tesinde \u00e7\u00f6z\u00fcmler sunmak. De\u011fi\u015fen  teknolojiyi takip etmek ve do\u011fay\u0131 koruyarak insan sa\u011fl\u0131\u011f\u0131 alan\u0131nda yenilik\u00e7i \u00e7\u00f6z\u00fcmler sunmak, hedeflerinden ve prensiplerinden taviz vermeden \u00e7\u00f6z\u00fcm odakl\u0131 hizmet sunay\u0131 kendine ilke edinmi\u015ftir. M\u00fc\u015fteri ay\u0131rt etmeden her m\u00fc\u015fterimize en iyi kaliteyi en ekonomik \u015fekilde sunmay\u0131 ama\u00e7l\u0131yor. Hizmet a\u011f\u0131m\u0131z\u0131 T\u00fcrkiye&#8217;nin en \u00fccra k\u00f6\u015felerine kadar g\u00f6t\u00fcrmeyi hedefliyoruz.<\/p>\n<\/div><\/div>\n","protected":false},"excerpt":{"rendered":"<p>Y\u00d6NTEM PEST CONTROL s\u00fcrekli kendini g\u00fcncelleyerek yeniliklere a\u00e7\u0131k zaman\u0131n \u00f6tesinde \u00e7\u00f6z\u00fcmler sunmak. De\u011fi\u015fen teknolojiyi takip etmek ve do\u011fay\u0131 koruyarak insan [&hellip;]<\/p>\n","protected":false},"author":1,"featured_media":72,"parent":0,"menu_order":0,"comment_status":"closed","ping_status":"closed","template":"","meta":{"footnotes":""},"class_list":["post-1242","page","type-page","status-publish","has-post-thumbnail","hentry"],"_links":{"self":[{"href":"https:\/\/yontemilac.com\/index.php?rest_route=\/wp\/v2\/pages\/1242","targetHints":{"allow":["GET"]}}],"collection":[{"href":"https:\/\/yontemilac.com\/index.php?rest_route=\/wp\/v2\/pages"}],"about":[{"href":"https:\/\/yontemilac.com\/index.php?rest_route=\/wp\/v2\/types\/page"}],"author":[{"embeddable":true,"href":"https:\/\/yontemilac.com\/index.php?rest_route=\/wp\/v2\/users\/1"}],"replies":[{"embeddable":true,"href":"https:\/\/yontemilac.com\/index.php?rest_route=%2Fwp%2Fv2%2Fcomments&post=1242"}],"version-history":[{"count":12,"href":"https:\/\/yontemilac.com\/index.php?rest_route=\/wp\/v2\/pages\/1242\/revisions"}],"predecessor-version":[{"id":1318,"href":"https:\/\/yontemilac.com\/index.php?rest_route=\/wp\/v2\/pages\/1242\/revisions\/1318"}],"wp:featuredmedia":[{"embeddable":true,"href":"https:\/\/yontemilac.com\/index.php?rest_route=\/wp\/v2\/media\/72"}],"wp:attachment":[{"href":"https:\/\/yontemilac.com\/index.php?rest_route=%2Fwp%2Fv2%2Fmedia&parent=1242"}],"curies":[{"name":"wp","href":"https:\/\/api.w.org\/{rel}","templated":true}]}}