{"id":1244,"date":"2023-09-28T17:00:30","date_gmt":"2023-09-28T14:00:30","guid":{"rendered":"https:\/\/yontemilac.com\/?page_id=1244"},"modified":"2023-10-02T12:10:02","modified_gmt":"2023-10-02T09:10:02","slug":"misyonumuz","status":"publish","type":"page","link":"https:\/\/yontemilac.com\/?page_id=1244","title":{"rendered":"Misyonumuz"},"content":{"rendered":"\n<div class=\"wp-block-media-text is-stacked-on-mobile is-vertically-aligned-top\" style=\"grid-template-columns:15% auto\"><figure class=\"wp-block-media-text__media\"><img decoding=\"async\" src=\"https:\/\/yontemilac.com\/wp-content\/uploads\/2023\/08\/YENI-LOGOMUZ.png\" alt=\"\" class=\"wp-image-72 size-full\"\/><\/figure><div class=\"wp-block-media-text__content\">\n<p>Ha\u015fereler, kemirgenler ve salg\u0131n hastal\u0131klarla m\u00fccadele kapsam\u0131nda, T\u00fcrkiye\u2019nin tamam\u0131nda 1500 farkl\u0131 lokasyonda ev\/i\u015fyeri, \u015fehir ila\u00e7lamas\u0131, dezenfeksiyon ve su deposu temizlik hizmeti vererek sa\u011fl\u0131kl\u0131 \u00e7\u00f6z\u00fcmler sunuyoruz.<\/p>\n<\/div><\/div>\n","protected":false},"excerpt":{"rendered":"<p>Ha\u015fereler, kemirgenler ve salg\u0131n hastal\u0131klarla m\u00fccadele kapsam\u0131nda, T\u00fcrkiye\u2019nin tamam\u0131nda 1500 farkl\u0131 lokasyonda ev\/i\u015fyeri, \u015fehir ila\u00e7lamas\u0131, dezenfeksiyon ve su deposu temizlik [&hellip;]<\/p>\n","protected":false},"author":1,"featured_media":0,"parent":0,"menu_order":0,"comment_status":"closed","ping_status":"closed","template":"","meta":{"footnotes":""},"class_list":["post-1244","page","type-page","status-publish","hentry"],"_links":{"self":[{"href":"https:\/\/yontemilac.com\/index.php?rest_route=\/wp\/v2\/pages\/1244","targetHints":{"allow":["GET"]}}],"collection":[{"href":"https:\/\/yontemilac.com\/index.php?rest_route=\/wp\/v2\/pages"}],"about":[{"href":"https:\/\/yontemilac.com\/index.php?rest_route=\/wp\/v2\/types\/page"}],"author":[{"embeddable":true,"href":"https:\/\/yontemilac.com\/index.php?rest_route=\/wp\/v2\/users\/1"}],"replies":[{"embeddable":true,"href":"https:\/\/yontemilac.com\/index.php?rest_route=%2Fwp%2Fv2%2Fcomments&post=1244"}],"version-history":[{"count":5,"href":"https:\/\/yontemilac.com\/index.php?rest_route=\/wp\/v2\/pages\/1244\/revisions"}],"predecessor-version":[{"id":1319,"href":"https:\/\/yontemilac.com\/index.php?rest_route=\/wp\/v2\/pages\/1244\/revisions\/1319"}],"wp:attachment":[{"href":"https:\/\/yontemilac.com\/index.php?rest_route=%2Fwp%2Fv2%2Fmedia&parent=1244"}],"curies":[{"name":"wp","href":"https:\/\/api.w.org\/{rel}","templated":true}]}}