{"id":644,"date":"2017-01-02T08:29:18","date_gmt":"2017-01-02T05:29:18","guid":{"rendered":"https:\/\/demo.themegrill.com\/flash-default-2\/?page_id=7"},"modified":"2023-10-09T16:52:06","modified_gmt":"2023-10-09T13:52:06","slug":"ilaclama-3","status":"publish","type":"page","link":"https:\/\/yontemilac.com\/?page_id=644","title":{"rendered":"\u0130la\u00e7lama"},"content":{"rendered":"\n<div class=\"wp-block-columns alignfull has-text-color has-background is-layout-flex wp-container-core-columns-is-layout-9d6595d7 wp-block-columns-is-layout-flex\" style=\"color:#000000;background-color:#ffffff\">\n<div class=\"wp-block-column is-layout-flow wp-block-column-is-layout-flow\">\n<h3 class=\"wp-block-heading\" style=\"font-size:24px;line-height:1.3\">            <strong>Y\u00dcR\u00dcYEN HA\u015eERELER<\/strong><\/h3>\n\n\n\n<hr class=\"wp-block-separator has-alpha-channel-opacity is-style-wide\"\/>\n<\/div>\n\n\n\n<div class=\"wp-block-column is-layout-flow wp-block-column-is-layout-flow\">\n<h3 class=\"wp-block-heading\" style=\"font-size:24px;line-height:1.3\">      <strong>KEM\u0130RGEN KONTROL\u00dc<\/strong><\/h3>\n\n\n\n<hr class=\"wp-block-separator has-alpha-channel-opacity is-style-wide\"\/>\n<\/div>\n\n\n\n<div class=\"wp-block-column is-layout-flow wp-block-column-is-layout-flow\">\n<h3 class=\"wp-block-heading\" style=\"font-size:24px;line-height:1.3\"><strong>U\u00c7KUN M\u00dcCADELES\u0130<\/strong><\/h3>\n\n\n\n<hr class=\"wp-block-separator has-alpha-channel-opacity is-style-wide\"\/>\n<\/div>\n<\/div>\n\n\n\n<div class=\"wp-block-columns is-layout-flex wp-container-core-columns-is-layout-9d6595d7 wp-block-columns-is-layout-flex\">\n<div class=\"wp-block-column is-layout-flow wp-block-column-is-layout-flow\">\n<figure class=\"wp-block-image size-large is-resized\"><img loading=\"lazy\" decoding=\"async\" src=\"https:\/\/yontemilac.com\/wp-content\/uploads\/2023\/08\/20210123_172640_0000-1024x819.png\" alt=\"\" class=\"wp-image-37\" style=\"width:243px;height:194px\" width=\"243\" height=\"194\" srcset=\"https:\/\/yontemilac.com\/wp-content\/uploads\/2023\/08\/20210123_172640_0000-1024x819.png 1024w, https:\/\/yontemilac.com\/wp-content\/uploads\/2023\/08\/20210123_172640_0000-600x480.png 600w, https:\/\/yontemilac.com\/wp-content\/uploads\/2023\/08\/20210123_172640_0000-300x240.png 300w, https:\/\/yontemilac.com\/wp-content\/uploads\/2023\/08\/20210123_172640_0000-768x614.png 768w, https:\/\/yontemilac.com\/wp-content\/uploads\/2023\/08\/20210123_172640_0000-1536x1229.png 1536w, https:\/\/yontemilac.com\/wp-content\/uploads\/2023\/08\/20210123_172640_0000.png 1999w\" sizes=\"auto, (max-width: 243px) 100vw, 243px\" \/><\/figure>\n<\/div>\n\n\n\n<div class=\"wp-block-column is-layout-flow wp-block-column-is-layout-flow\">\n<figure class=\"wp-block-image size-large is-resized\"><img loading=\"lazy\" decoding=\"async\" src=\"https:\/\/yontemilac.com\/wp-content\/uploads\/2023\/08\/20210201_123359_0000-1024x1024.png\" alt=\"\" class=\"wp-image-36\" style=\"width:202px;height:202px\" width=\"202\" height=\"202\" srcset=\"https:\/\/yontemilac.com\/wp-content\/uploads\/2023\/08\/20210201_123359_0000-1024x1024.png 1024w, https:\/\/yontemilac.com\/wp-content\/uploads\/2023\/08\/20210201_123359_0000-300x300.png 300w, https:\/\/yontemilac.com\/wp-content\/uploads\/2023\/08\/20210201_123359_0000-100x100.png 100w, https:\/\/yontemilac.com\/wp-content\/uploads\/2023\/08\/20210201_123359_0000-600x600.png 600w, https:\/\/yontemilac.com\/wp-content\/uploads\/2023\/08\/20210201_123359_0000-150x150.png 150w, https:\/\/yontemilac.com\/wp-content\/uploads\/2023\/08\/20210201_123359_0000-768x768.png 768w, https:\/\/yontemilac.com\/wp-content\/uploads\/2023\/08\/20210201_123359_0000-1536x1536.png 1536w, https:\/\/yontemilac.com\/wp-content\/uploads\/2023\/08\/20210201_123359_0000-2048x2048.png 2048w\" sizes=\"auto, (max-width: 202px) 100vw, 202px\" \/><\/figure>\n<\/div>\n\n\n\n<div class=\"wp-block-column is-layout-flow wp-block-column-is-layout-flow\">\n<figure class=\"wp-block-image size-large is-resized\"><img loading=\"lazy\" decoding=\"async\" src=\"https:\/\/yontemilac.com\/wp-content\/uploads\/2023\/08\/20220802_150841_0000-1024x1024.png\" alt=\"\" class=\"wp-image-16\" style=\"width:193px;height:193px\" width=\"193\" height=\"193\" srcset=\"https:\/\/yontemilac.com\/wp-content\/uploads\/2023\/08\/20220802_150841_0000-1024x1024.png 1024w, https:\/\/yontemilac.com\/wp-content\/uploads\/2023\/08\/20220802_150841_0000-300x300.png 300w, https:\/\/yontemilac.com\/wp-content\/uploads\/2023\/08\/20220802_150841_0000-100x100.png 100w, https:\/\/yontemilac.com\/wp-content\/uploads\/2023\/08\/20220802_150841_0000-600x600.png 600w, https:\/\/yontemilac.com\/wp-content\/uploads\/2023\/08\/20220802_150841_0000-150x150.png 150w, https:\/\/yontemilac.com\/wp-content\/uploads\/2023\/08\/20220802_150841_0000-768x768.png 768w, https:\/\/yontemilac.com\/wp-content\/uploads\/2023\/08\/20220802_150841_0000.png 1080w\" sizes=\"auto, (max-width: 193px) 100vw, 193px\" \/><\/figure>\n<\/div>\n<\/div>\n\n\n\n<div class=\"wp-block-columns alignfull has-text-color has-background is-layout-flex wp-container-core-columns-is-layout-9d6595d7 wp-block-columns-is-layout-flex\" style=\"color:#000000;background-color:#ffffff\">\n<div class=\"wp-block-column is-layout-flow wp-block-column-is-layout-flow\">\n<p>Y\u00fcr\u00fcyen ha\u015fere kontrol\u00fc kapsam\u0131nda hamam b\u00f6ce\u011fi, g\u00fcm\u00fc\u015f\u00e7\u00fcn, kar\u0131nca, depolanm\u0131\u015f \u00fcr\u00fcn zararl\u0131lar\u0131 ve ara s\u0131ra istila eden ha\u015ferelerin kontrol\u00fc periyodik hizmetin bir par\u00e7as\u0131d\u0131r.<\/p>\n\n\n\n<p>Y\u00fcr\u00fcyen ha\u015fere kontrol\u00fcne y\u00f6nelik uygulamalar\u0131m\u0131z 4 (d\u00f6rt) ad\u0131mda ger\u00e7ekle\u015ftirilmektedir.<\/p>\n\n\n\n<p><strong>1.Ad\u0131m: <\/strong>Uygulama yap\u0131lacak alanda gerekli incelemeler yap\u0131l\u0131r. Ha\u015ferelerin bar\u0131nd\u0131klar\u0131, \u00fcredikleri, gezindikleri yar\u0131k-\u00e7atlak ile duvar ve zemin kenarlar\u0131na likit veya yem form\u00fclasyonunda rezid\u00fcal insektisitler uygulan\u0131r. Ha\u015fereler ile m\u00fccadelede \u00f6ncelikli olarak var olan pop\u00fclasyonun k\u0131r\u0131lmas\u0131na y\u00f6nelik bir \u00e7al\u0131\u015fma program\u0131 ba\u015flat\u0131lmaktad\u0131r.<\/p>\n\n\n\n<p><strong>2.Ad\u0131m: <\/strong>Birinci ad\u0131mda ger\u00e7ekle\u015ftirilen uygulama sonras\u0131, gerekli g\u00f6r\u00fcld\u00fc\u011f\u00fc takdirde kritik b\u00f6lgelere yap\u0131\u015fkanl\u0131 monit\u00f6r ve istasyon yerle\u015ftirilmektedir.<\/p>\n\n\n\n<p><strong>3.Ad\u0131m: <\/strong>Bununla birlikte \u00f6zellikle ha\u015ferelerin bar\u0131nd\u0131klar\u0131, \u00fcredikleri, gezindikleri; yar\u0131k, \u00e7atlak, pis su giderleri, \u00e7\u00f6pl\u00fckler, tezgah ve dolap altlar\u0131, dolap i\u00e7leri, telefon ve elektrik panolar\u0131, duvar ve zemin kenarlar\u0131 gibi korunmal\u0131 ve lo\u015f \u0131\u015f\u0131kl\u0131 yerler de likit, jel veya toz form\u00fclasyonlu rezidual insektisitler kullan\u0131lmas\u0131na devam edilerek koruyucu ve pop\u00fclasyonun artmas\u0131n\u0131 engelleyici uygulamalar\u0131n s\u00fcreklili\u011fi sa\u011flanmaktad\u0131r. <strong>4.Ad\u0131m: <\/strong>Ha\u015fereler ile m\u00fccadelede sanitasyon ve tecrit konusu ile bu ha\u015ferelerin \u00fcremelerine zemin sa\u011flayan ko\u015fullar ile ilgili olarak taraf\u0131n\u0131za dan\u0131\u015fmanl\u0131k hizmeti verilerek bu k\u00f6t\u00fc ko\u015fullar\u0131n giderilmesi sa\u011flanacakt\u0131r.<\/p>\n\n\n\n<figure class=\"wp-block-image size-full is-resized\"><img loading=\"lazy\" decoding=\"async\" src=\"https:\/\/yontemilac.com\/wp-content\/uploads\/2023\/09\/1.png\" alt=\"\" class=\"wp-image-955\" style=\"width:414px;height:138px\" width=\"414\" height=\"138\" srcset=\"https:\/\/yontemilac.com\/wp-content\/uploads\/2023\/09\/1.png 600w, https:\/\/yontemilac.com\/wp-content\/uploads\/2023\/09\/1-300x100.png 300w\" sizes=\"auto, (max-width: 414px) 100vw, 414px\" \/><\/figure>\n<\/div>\n\n\n\n<div class=\"wp-block-column is-layout-flow wp-block-column-is-layout-flow\">\n<p>Kemirgen kontrol\u00fc \u00e7al\u0131\u015fmalar\u0131m\u0131z, i\u015fletme\/tesis genelinde i\u00e7 ve d\u0131\u015f alan kontrol\u00fc \u015feklinde y\u00fcr\u00fct\u00fclmektedir. <\/p>\n\n\n\n<p>Kemirgen kontrol\u00fcne y\u00f6nelik uygulamalar\u0131m\u0131z 6 (alt\u0131) ad\u0131mda ger\u00e7ekle\u015ftirilmektedir.<\/p>\n\n\n\n<p><strong><br>1.Ad\u0131m :<\/strong>Kemirgenlerin gezindi\u011fi bar\u0131nd\u0131klar\u0131 yerlerde inceleme yap\u0131lmas\u0131 pop\u00fclasyon yo\u011funlu\u011funun ve t\u00fcr\u00fcn belirlenmesi.<\/p>\n\n\n\n<p><strong>2.Ad\u0131m :<\/strong>Kat\u0131 ve s\u0131v\u0131 yem form\u00fclasyonunda rodentisit i\u00e7eren kilitli-kilitsiz her t\u00fcrl\u00fc hava \u015fartlar\u0131na dayan\u0131kl\u0131 yem istasyonlar\u0131n\u0131n incelemede yap\u0131lan tespitler do\u011frultusunda yerle\u015ftirilmesi.<br><strong>3.Ad\u0131m :<\/strong>En az 30 g\u00fcn ara ile yem istasyonlar\u0131n\u0131n kontrol\u00fc yenilen veya bozulan yemlerin de\u011fi\u015ftirilmesi, yemlerin yenilip yenilmedi\u011fine g\u00f6re istasyon ilave edilmesi.<\/p>\n\n\n\n<p><strong>4.Ad\u0131m :<\/strong>Kemiricilerin \u00fcremesini te\u015fvik eden yem kaynaklar\u0131 ve bar\u0131nma yerleri bertaraf edilmesi, ikinci bir infektasyonu (fare yo\u011funlu\u011fu) engellemek i\u00e7in ve infektasyon s\u0131kl\u0131\u011f\u0131n\u0131 azaltmak i\u00e7in uygulamalar\u0131n devam edilmesi.<\/p>\n\n\n\n<p><strong>5.Ad\u0131m :<\/strong>Gerekli g\u00f6r\u00fcld\u00fc\u011f\u00fcnde ve istenildi\u011fi taktirde canl\u0131 yakalama kapanlar\u0131 veya yap\u0131\u015fkanl\u0131 istasyonlar\u0131n kullan\u0131lmas\u0131.<\/p>\n\n\n\n<p><strong>6.Ad\u0131m :<\/strong>Gerekli hijyenik tedbirlerin al\u0131nmas\u0131 (\u00e7\u00f6pler ve yiyecek at\u0131klar\u0131 ortamdan kald\u0131r\u0131lmal\u0131) kemirgen giri\u015fini engelleyecek ve uzakla\u015ft\u0131rmay\u0131 ama\u00e7lay\u0131c\u0131 materyallerin kullan\u0131lmas\u0131 ile sanitasyon ve tecrit durumlar\u0131 ile ilgili olarak dan\u0131\u015fmanl\u0131k hizmetinin sunulmas\u0131.<\/p>\n\n\n\n<figure class=\"wp-block-image size-full\"><img loading=\"lazy\" decoding=\"async\" width=\"600\" height=\"200\" src=\"https:\/\/yontemilac.com\/wp-content\/uploads\/2023\/09\/2.png\" alt=\"\" class=\"wp-image-956\" srcset=\"https:\/\/yontemilac.com\/wp-content\/uploads\/2023\/09\/2.png 600w, https:\/\/yontemilac.com\/wp-content\/uploads\/2023\/09\/2-300x100.png 300w\" sizes=\"auto, (max-width: 600px) 100vw, 600px\" \/><\/figure>\n<\/div>\n\n\n\n<div class=\"wp-block-column is-layout-flow wp-block-column-is-layout-flow\">\n<p>U\u00e7an ha\u015fere kontrol\u00fc hizmetimiz kapsam\u0131nda m\u00fccadele edilecek olan zararl\u0131 t\u00fcrleri sivrisinek ve karasineklerdir.<\/p>\n\n\n\n<p>U\u00e7an ha\u015fere kontrol\u00fcne y\u00f6nelik uygulamalar\u0131m\u0131z 4 (d\u00f6rt) ad\u0131mda ger\u00e7ekle\u015ftirilmektedir.<\/p>\n\n\n\n<p><strong>1.Ad\u0131m: <\/strong>U\u00e7an ha\u015fereler ile m\u00fccadelede esas olan temizliktir. A\u00e7\u0131k ve kapal\u0131 alanlarda al\u0131nmas\u0131 gereken sanitasyon ko\u015fullar\u0131n\u0131n iyile\u015ftirilmesine y\u00f6nelik dan\u0131\u015fmanl\u0131k hizmetinin sunulmas\u0131.<\/p>\n\n\n\n<p><strong>2.Ad\u0131m : <\/strong>U\u00e7an ha\u015ferelerin \u00fcremesine, yuvalanmas\u0131na ve beslenmesini sa\u011flayacak ortamlar\u0131n yok edilmesine y\u00f6nelik tavsiye ve \u00f6nerilerin sunulmas\u0131 (larvasit kontrol\u00fc).<\/p>\n\n\n\n<p><strong>3.Ad\u0131m : <\/strong>Rezid\u00fcal ve rezid\u00fcal olmayan insektisitler ile alan spreylemesinin yap\u0131lmas\u0131. Alan spreylemesinin temeli , \u00e7ok fazla miktarda k\u00fc\u00e7\u00fck insektisit damlac\u0131klar\u0131 \u00fcretmek \u00fczerine kurulmu\u015f olup uygulamalar\u0131n <strong>ULV so\u011fuk sisleme ve atomiz\u00f6r y\u00f6ntemleri<\/strong> ile g\u00fcn do\u011fumu veya g\u00fcn bat\u0131m\u0131nda sivrisineklerin en aktif oldu\u011fu d\u00f6nemde yap\u0131lmas\u0131.<\/p>\n\n\n\n<p><strong>4.Ad\u0131m : <\/strong>\u00c7\u00f6p konteyn\u0131rlar\u0131n\u0131n insektisitlerle ila\u00e7lanmas\u0131.<\/p>\n\n\n\n<figure class=\"wp-block-image size-large is-resized\"><img loading=\"lazy\" decoding=\"async\" src=\"https:\/\/yontemilac.com\/wp-content\/uploads\/2023\/09\/Siparis--1024x1024.jpg\" alt=\"\" class=\"wp-image-1022\" style=\"width:344px;height:344px\" width=\"344\" height=\"344\" srcset=\"https:\/\/yontemilac.com\/wp-content\/uploads\/2023\/09\/Siparis--1024x1024.jpg 1024w, https:\/\/yontemilac.com\/wp-content\/uploads\/2023\/09\/Siparis--300x300.jpg 300w, https:\/\/yontemilac.com\/wp-content\/uploads\/2023\/09\/Siparis--150x150.jpg 150w, https:\/\/yontemilac.com\/wp-content\/uploads\/2023\/09\/Siparis--768x768.jpg 768w, https:\/\/yontemilac.com\/wp-content\/uploads\/2023\/09\/Siparis--600x600.jpg 600w, https:\/\/yontemilac.com\/wp-content\/uploads\/2023\/09\/Siparis--100x100.jpg 100w, https:\/\/yontemilac.com\/wp-content\/uploads\/2023\/09\/Siparis-.jpg 1080w\" sizes=\"auto, (max-width: 344px) 100vw, 344px\" \/><\/figure>\n<\/div>\n<\/div>\n\n\n\n<div class=\"wp-block-columns is-layout-flex wp-container-core-columns-is-layout-9d6595d7 wp-block-columns-is-layout-flex\">\n<div class=\"wp-block-column is-layout-flow wp-block-column-is-layout-flow\">\n<p><strong><strong><mark style=\"background-color:rgba(0, 0, 0, 0)\" class=\"has-inline-color has-black-color\">Uygulama Y\u00f6ntemi<\/mark><\/strong><\/strong><\/p>\n\n\n\n<p>Y\u00fcr\u00fcyen ha\u015fere kontrol\u00fcne y\u00f6nelik uygulamalar\u0131m\u0131zda kullan\u0131lan m\u00fccadele y\u00f6ntemlerimiz kokulu ila\u00e7lama, kokusuz ila\u00e7lama ve jel ila\u00e7lama \u015feklindedir.<\/p>\n\n\n\n<p><strong><mark style=\"background-color:rgba(0, 0, 0, 0)\" class=\"has-inline-color has-black-color\">Kokulu \u0130la\u00e7lama Y\u00f6ntemi\u00a0\u00a0\u00a0\u00a0\u00a0\u00a0\u00a0\u00a0\u00a0\u00a0\u00a0\u00a0\u00a0\u00a0\u00a0\u00a0\u00a0\u00a0\u00a0\u00a0\u00a0\u00a0\u00a0\u00a0\u00a0\u00a0\u00a0\u00a0\u00a0\u00a0\u00a0\u00a0\u00a0\u00a0\u00a0\u00a0\u00a0\u00a0\u00a0\u00a0\u00a0\u00a0\u00a0\u00a0\u00a0\u00a0\u00a0\u00a0\u00a0<\/mark><\/strong><\/p>\n\n\n\n<p>Bu ila\u00e7lama y\u00f6ntemi ha\u015ferelerin \u00e7ok yo\u011fun olarak bulundu\u011fu ortamlarda ve pire gibi yumurtalar\u0131n\u0131 ortama geli\u015fi g\u00fczel b\u0131rakan ha\u015fere gruplar\u0131nda tercih edilen bir y\u00f6ntemdir. \u0130la\u00e7lama esnas\u0131nda ila\u00e7lanan alandaki oksijen yok edilerek ha\u015ferelerin bulundu\u011fu ortamdan<\/p>\n\n\n\n<p>\u00e7\u0131kmas\u0131 sa\u011flan\u0131r ve ilaca temas eden ha\u015ferelerin \u00f6l\u00fcmleri ger\u00e7ekle\u015fir. \u0130la\u00e7lama esnas\u0131nda i\u015fletme\/tesisinizin terk etmeniz ve kullan\u0131lan ilac\u0131n t\u00fcr\u00fcne g\u00f6re iki ila yirmid\u00f6rt saat aral\u0131\u011f\u0131nda alan\u0131n kapal\u0131 kalmas\u0131 gerekmektedir. \u0130la\u00e7lanan alana girmeden \u00f6nce en az yar\u0131m saat hava ak\u0131\u015f\u0131n\u0131n sa\u011flanmas\u0131 gerekmektedir.<\/p>\n\n\n\n<p><strong><mark style=\"background-color:rgba(0, 0, 0, 0)\" class=\"has-inline-color has-black-color\">Kokulu ila\u00e7lama \u00f6zellikleri;<\/mark><\/strong><\/p>\n\n\n\n<ul class=\"wp-block-list\">\n<li>Kullan\u0131lan ilac\u0131n etki s\u00fcresine g\u00f6re iki ila yirmi d\u00f6rt saat aras\u0131nda ila\u00e7lama yap\u0131lan yerin kapal\u0131 kalmas\u0131 gerekir,<\/li>\n\n\n\n<li>\u0130la\u00e7lamadan \u00f6nce a\u00e7\u0131kta olan g\u0131da maddelerinin kapat\u0131lmas\u0131 gerekir.<\/li>\n\n\n\n<li>\u0130la\u00e7lanacak b\u00f6lgenin izole edilmesi gerekir.<\/li>\n\n\n\n<li>Evcil hayvanlar\u0131n d\u0131\u015far\u0131 \u00e7\u0131kart\u0131lmas\u0131 gerekir,<\/li>\n<\/ul>\n\n\n\n<p>Kokulu ila\u00e7lar genellikle uyguland\u0131\u011f\u0131 andan itibaren etkisini g\u00f6stermektedir.<\/p>\n\n\n\n<p><strong>Kokusuz \u0130la\u00e7lama Y\u00f6ntemi<\/strong><\/p>\n\n\n\n<p>Temas etkili bir ila\u00e7lama y\u00f6ntemidir. Ha\u015ferelerin ilaca temas\u0131 sonucu kullan\u0131lan zehri v\u00fccutlar\u0131na emerek sinir sistemlerinin \u00e7al\u0131\u015fmas\u0131n\u0131 bozarak durdurur ve ha\u015ferenin \u00f6l\u00fcm\u00fcne sebep olur. \u0130la\u00e7lama esnas\u0131nda mek\u00e2n\u0131n\u0131zdan ayr\u0131lman\u0131za, kapsaml\u0131 bir \u00f6n haz\u0131rl\u0131k yapman\u0131za ihtiya\u00e7 yoktur. G\u00fcnl\u00fck ya\u015famda her hangi bir k\u0131s\u0131tlamaya yol a\u00e7mad\u0131\u011f\u0131 i\u00e7in g\u00fcn\u00fcm\u00fczde en \u00e7ok tercih edilen ila\u00e7lama y\u00f6ntemidir.<\/p>\n\n\n\n<p><strong><mark style=\"background-color:rgba(0, 0, 0, 0)\" class=\"has-inline-color has-black-color\">Kokusuz ila\u00e7lama \u00f6zellikleri;<\/mark><\/strong><\/p>\n\n\n\n<ul class=\"wp-block-list\">\n<li>Solunmas\u0131nda herhangi bir zarar\u0131 yoktur. \u0130la\u00e7lamadan sonra g\u00fcnl\u00fck ya\u015fant\u0131n\u0131za devam edebilirsiniz.<\/li>\n\n\n\n<li>\u0130la\u00e7lama \u00f6ncesi ve sonras\u0131 detayl\u0131 bir haz\u0131rl\u0131\u011fa ve\/veya temizli\u011fe gerek yoktur.<\/li>\n\n\n\n<li>Kullan\u0131lan ilac\u0131n etken maddesine g\u00f6re etki s\u00fcresi 5 ila 20 g\u00fcn aras\u0131ndad\u0131r.<\/li>\n<\/ul>\n\n\n\n<p>Bu s\u00fcre zarf\u0131nda ha\u015fere g\u00f6rmeniz do\u011fal kar\u015f\u0131lanmakta olup ha\u015ferelerin ilac\u0131 di\u011fer ha\u015ferelere bula\u015ft\u0131rmas\u0131 i\u00e7in g\u00f6rd\u00fc\u011f\u00fcn\u00fcz ha\u015fereleri \u00f6ld\u00fcrmemeniz ve temizlik yapmaman\u0131z \u00f6nerilmektedir.<\/p>\n\n\n\n<p><strong>Jel \u0130la\u00e7lama Y\u00f6ntemi<\/strong><\/p>\n\n\n\n<p><strong>Jel ila\u00e7lama <\/strong>olduk\u00e7a g\u00fcvenli bir ila\u00e7lama \u015feklidir. <strong>Jel ilac\u0131n uyguland\u0131\u011f\u0131 yerler genellikle ki\u015finin ula\u015fmas\u0131 zor k\u00f6r noktalar oldu\u011fundan dolay\u0131 kal\u0131c\u0131l\u0131\u011f\u0131 daha uzundur<\/strong>. Jel ila\u00e7lama tekni\u011fi b\u00f6ceklerin ge\u00e7i\u015f yollar\u0131 ba\u015fta olmak \u00fczere yuva yapt\u0131klar\u0131 alanlar, kap\u0131 kenarlar\u0131, dolap i\u00e7leri ve arkalar\u0131, parkelerin s\u00fcp\u00fcrgelikleri gibi yerlere b\u0131rak\u0131l\u0131r. Jel b\u00f6cek ilac\u0131n\u0131 yiyen ha\u015fereler k\u0131sa s\u00fcrede yuvalar\u0131nda \u00f6l\u00fcr.Ha\u015fere t\u00fcrlerinin bir \u00e7o\u011fu kendi le\u015fleri ile beslendi\u011fi i\u00e7in y6uvada \u00f6len ha\u015fereyi yiyen di\u011fer ha\u015fereler de ayn\u0131 \u015fekilde yuvalar\u0131nda \u00f6l\u00fcrler.<\/p>\n\n\n\n<p><strong><mark style=\"background-color:rgba(0, 0, 0, 0)\" class=\"has-inline-color has-black-color\">Jel ila\u00e7lama \u00f6zellikleri;<\/mark><\/strong><\/p>\n\n\n\n<ul class=\"wp-block-list\">\n<li>Evden \u00e7\u0131kman\u0131za gerek yok,<\/li>\n\n\n\n<li>Hi\u00e7bir kokusu yoktur,<\/li>\n\n\n\n<li>Genel temizlik yapman\u0131z gerektirmez<\/li>\n\n\n\n<li>Jel ila\u00e7lama hamam b\u00f6ce\u011fi t\u00fcrleri, tespih b\u00f6ce\u011fi, g\u00fcm\u00fc\u015f b\u00f6ce\u011fi, \u00f6r\u00fcmcek gibi y\u00fcr\u00fcyen bir\u00e7ok b\u00f6ce\u011fe etki yapar.<\/li>\n<\/ul>\n\n\n\n<p>Etkisini 3-4 g\u00fcn sonra g\u00f6stermeye ba\u015fl\u0131yor ve jel ila\u00e7 u\u00e7ucu olmad\u0131\u011f\u0131ndan uzun vadede etkili bir ila\u00e7lama y\u00f6ntemidir.<\/p>\n<\/div>\n\n\n\n<div class=\"wp-block-column is-layout-flow wp-block-column-is-layout-flow\">\n<p><strong><mark style=\"background-color:rgba(0, 0, 0, 0)\" class=\"has-inline-color has-black-color\">Uygulama Y\u00f6ntemi<\/mark><\/strong><\/p>\n\n\n\n<p>Kemirgen kontrol\u00fc \u00e7al\u0131\u015fmalar\u0131m\u0131z, i\u015fletme\/tesis genelinde i\u00e7 ve d\u0131\u015f alan kontrol\u00fc \u015feklinde y\u00fcr\u00fct\u00fclmektedir.<\/p>\n\n\n\n<p><strong><mark style=\"background-color:rgba(0, 0, 0, 0)\" class=\"has-inline-color has-black-color\">\u0130\u00e7 Alan Kemirgen Kontrol\u00fc<\/mark><\/strong><\/p>\n\n\n\n<p>Firmam\u0131z taraf\u0131ndan g\u00f6revlendirilen teknik personel i\u015fletme\/tesise ait i\u00e7 alanlarda gerekli incelemeleri yaparak kemirgenlerin bulunabilece\u011fi b\u00f6lgeleri tespit edip risk haritas\u0131n\u0131 olu\u015fturur.<\/p>\n\n\n\n<p>Risk te\u015fkil eden noktalarda kilitli yem istasyonlar\u0131 konumland\u0131r\u0131l\u0131r. Konumland\u0131r\u0131lmalar\u0131 yap\u0131lm\u0131\u015f olan istasyonlarda 30 g\u00fcn ara ile periyodik kontrol\u00fc sa\u011flar.\u00a0 Periyodik kontrollerde istasyonlardaki yem t\u00fcketimi kontrol edilir, t\u00fcketime g\u00f6re yemleme yap\u0131l\u0131r ve durum i\u015fverene rapor olarak sunulur. \u0130stasyon i\u00e7erisinde bulunan rodentisitin yenme ve bozulma durumlar\u0131nda madde kilitli yem istasyonlar\u0131nda aktivite ile kars\u0131la\u015ft\u0131r\u0131ld\u0131\u011f\u0131nda nedeni ara\u015ft\u0131r\u0131larak gerekli tedbirlerin i\u015fverence al\u0131nmas\u0131 i\u00e7in raporland\u0131r\u0131l\u0131r. Firmam\u0131z\u0131n gerekli g\u00f6r\u00fcld\u00fc\u011f\u00fc durumlarda kilitli istasyon say\u0131s\u0131 artt\u0131r\u0131l\u0131p azaltabilir, canl\u0131 yakalama istasyonlar\u0131 kurulumunu yapabilir. Bu konuda inisiyatif firmam\u0131za ait olup bu durum ayr\u0131ca rapor ve g\u00fcncel fiyat tarifemiz \u00fczerinde firmaya fatura edilir.<\/p>\n\n\n\n<p><strong><mark style=\"background-color:rgba(0, 0, 0, 0)\" class=\"has-inline-color has-black-color\">D\u0131\u015f Alan Kemirgen Kontrol\u00fc<\/mark><\/strong><\/p>\n\n\n\n<p>Firmam\u0131z taraf\u0131ndan g\u00f6revlendirilen teknik personel i\u015fletme\/tesise ait d\u0131\u015f alanlarda ve \u00e7evresel ko\u015fullar de\u011ferlendirilerek gerekli incelemeleri yapar, kemirgenlerin bulunabilece\u011fi b\u00f6lgeleri tespit edip risk haritas\u0131n\u0131 olu\u015fturur. Risk te\u015fkil eden noktalarda kilitli yem istasyonlar\u0131 konumland\u0131r\u0131l\u0131r. Konumland\u0131r\u0131lmalar\u0131 yap\u0131lm\u0131\u015f olan istasyonlarda 30 g\u00fcn ara ile periyodik kontrol\u00fc sa\u011flar.&nbsp; Periyodik kontrollerde istasyonlardaki yem t\u00fcketimi kontrol edilir, t\u00fcketime g\u00f6re yemleme yap\u0131l\u0131r ve durum i\u015fverene rapor olarak sunulur. \u0130stasyon i\u00e7erisinde bulunan rodentisitin yenme ve bozulma durumlar\u0131nda madde kilitli yem istasyonlar\u0131nda aktivite ile kars\u0131la\u015ft\u0131r\u0131ld\u0131\u011f\u0131nda nedeni ara\u015ft\u0131r\u0131larak gerekli tedbirlerin i\u015fverence al\u0131nmas\u0131 i\u00e7in raporland\u0131r\u0131l\u0131r. Firmam\u0131z\u0131n gerekli g\u00f6r\u00fcld\u00fc\u011f\u00fc durumlarda kilitli istasyon say\u0131s\u0131 artt\u0131r\u0131l\u0131p azaltabilir, canl\u0131 yakalama istasyonlar\u0131 kurulumunu yapabilir. Bu konuda inisiyatif firmam\u0131za ait olup bu durum ayr\u0131ca rapor ve g\u00fcncel fiyat tarifemiz \u00fczerinde firmaya fatura edilir.&nbsp;&nbsp;&nbsp;<\/p>\n\n\n\n<figure class=\"wp-block-image size-full\"><img loading=\"lazy\" decoding=\"async\" width=\"999\" height=\"884\" src=\"https:\/\/yontemilac.com\/wp-content\/uploads\/2023\/09\/perde5.jpg\" alt=\"\" class=\"wp-image-1023\" srcset=\"https:\/\/yontemilac.com\/wp-content\/uploads\/2023\/09\/perde5.jpg 999w, https:\/\/yontemilac.com\/wp-content\/uploads\/2023\/09\/perde5-300x265.jpg 300w, https:\/\/yontemilac.com\/wp-content\/uploads\/2023\/09\/perde5-768x680.jpg 768w, https:\/\/yontemilac.com\/wp-content\/uploads\/2023\/09\/perde5-600x531.jpg 600w\" sizes=\"auto, (max-width: 999px) 100vw, 999px\" \/><\/figure>\n<\/div>\n\n\n\n<div class=\"wp-block-column is-layout-flow wp-block-column-is-layout-flow\">\n<p><strong><strong><mark style=\"background-color:rgba(0, 0, 0, 0)\" class=\"has-inline-color has-black-color\">Uygulama Y\u00f6ntemi<\/mark><\/strong><\/strong><\/p>\n\n\n\n<p>Sivrisineklerin uzak mesafelerden gelebilmeleri ve \u00fcreme yerlerinin d\u0131\u015f alan olmas\u0131 sebebiyle, sinek kontrol\u00fcnde esas ad\u0131m tecrit ko\u015fullar\u0131n\u0131 sa\u011flayarak i\u015fletme\/tesis i\u00e7lerine sinek giri\u015fini engellemektir. Ha\u015fere kontrol\u00fcnde kullan\u0131lan b\u00f6cek ila\u00e7lar\u0131 temas etkili b\u00f6cek ila\u00e7lar\u0131 olmas\u0131, t\u00fcm sinek konma yerlerine rutin uygulamalarda b\u00f6cek ilac\u0131 tatbik edilmemesi nedeniyle sinek kontrol\u00fcnde kimyasal uygulamalar s\u0131n\u0131rl\u0131 olmaktad\u0131r. Bu nedenle sivrisinek ve karasinek kontrol\u00fc firmam\u0131z garantisi kapsam\u0131nda olamamaktad\u0131r. Bu hizmet verildi\u011fi g\u00fcn g\u00fcnl\u00fck rahatlama sa\u011flayan bir uygulamad\u0131r. U\u00e7an ha\u015fere kontrol\u00fc hava durumuna ba\u011fl\u0131 ya\u011f\u0131\u015fl\u0131 ve<\/p>\n\n\n\n<p>r\u00fczgarl\u0131 durumlarda yap\u0131lanamayabilinir. Firmam\u0131z hava durumu muhalefeti nedeniyle yapamad\u0131\u011f\u0131 uygulamalardan sorumlu tutulamaz.<\/p>\n\n\n\n<figure class=\"wp-block-image size-large\"><img loading=\"lazy\" decoding=\"async\" width=\"1024\" height=\"1024\" src=\"https:\/\/yontemilac.com\/wp-content\/uploads\/2023\/09\/Turuncu-ve-Kahverengi-Eglenceli-Paket-Servis-Instagram-Gonderisi-1-1024x1024.jpg\" alt=\"\" class=\"wp-image-1021\" srcset=\"https:\/\/yontemilac.com\/wp-content\/uploads\/2023\/09\/Turuncu-ve-Kahverengi-Eglenceli-Paket-Servis-Instagram-Gonderisi-1-1024x1024.jpg 1024w, https:\/\/yontemilac.com\/wp-content\/uploads\/2023\/09\/Turuncu-ve-Kahverengi-Eglenceli-Paket-Servis-Instagram-Gonderisi-1-300x300.jpg 300w, https:\/\/yontemilac.com\/wp-content\/uploads\/2023\/09\/Turuncu-ve-Kahverengi-Eglenceli-Paket-Servis-Instagram-Gonderisi-1-150x150.jpg 150w, https:\/\/yontemilac.com\/wp-content\/uploads\/2023\/09\/Turuncu-ve-Kahverengi-Eglenceli-Paket-Servis-Instagram-Gonderisi-1-768x768.jpg 768w, https:\/\/yontemilac.com\/wp-content\/uploads\/2023\/09\/Turuncu-ve-Kahverengi-Eglenceli-Paket-Servis-Instagram-Gonderisi-1-600x600.jpg 600w, https:\/\/yontemilac.com\/wp-content\/uploads\/2023\/09\/Turuncu-ve-Kahverengi-Eglenceli-Paket-Servis-Instagram-Gonderisi-1-100x100.jpg 100w, https:\/\/yontemilac.com\/wp-content\/uploads\/2023\/09\/Turuncu-ve-Kahverengi-Eglenceli-Paket-Servis-Instagram-Gonderisi-1.jpg 1080w\" sizes=\"auto, (max-width: 1024px) 100vw, 1024px\" \/><\/figure>\n<\/div>\n<\/div>\n","protected":false},"excerpt":{"rendered":"<p>Y\u00dcR\u00dcYEN HA\u015eERELER KEM\u0130RGEN KONTROL\u00dc U\u00c7KUN M\u00dcCADELES\u0130 Y\u00fcr\u00fcyen ha\u015fere kontrol\u00fc kapsam\u0131nda hamam b\u00f6ce\u011fi, g\u00fcm\u00fc\u015f\u00e7\u00fcn, kar\u0131nca, depolanm\u0131\u015f \u00fcr\u00fcn zararl\u0131lar\u0131 ve ara s\u0131ra [&hellip;]<\/p>\n","protected":false},"author":1,"featured_media":0,"parent":0,"menu_order":0,"comment_status":"closed","ping_status":"closed","template":"","meta":{"footnotes":""},"class_list":["post-644","page","type-page","status-publish","hentry"],"_links":{"self":[{"href":"https:\/\/yontemilac.com\/index.php?rest_route=\/wp\/v2\/pages\/644","targetHints":{"allow":["GET"]}}],"collection":[{"href":"https:\/\/yontemilac.com\/index.php?rest_route=\/wp\/v2\/pages"}],"about":[{"href":"https:\/\/yontemilac.com\/index.php?rest_route=\/wp\/v2\/types\/page"}],"author":[{"embeddable":true,"href":"https:\/\/yontemilac.com\/index.php?rest_route=\/wp\/v2\/users\/1"}],"replies":[{"embeddable":true,"href":"https:\/\/yontemilac.com\/index.php?rest_route=%2Fwp%2Fv2%2Fcomments&post=644"}],"version-history":[{"count":53,"href":"https:\/\/yontemilac.com\/index.php?rest_route=\/wp\/v2\/pages\/644\/revisions"}],"predecessor-version":[{"id":1516,"href":"https:\/\/yontemilac.com\/index.php?rest_route=\/wp\/v2\/pages\/644\/revisions\/1516"}],"wp:attachment":[{"href":"https:\/\/yontemilac.com\/index.php?rest_route=%2Fwp%2Fv2%2Fmedia&parent=644"}],"curies":[{"name":"wp","href":"https:\/\/api.w.org\/{rel}","templated":true}]}}